{"id":22,"date":"2024-01-12T10:26:25","date_gmt":"2024-01-12T09:26:25","guid":{"rendered":"https:\/\/www.kidz-audio.de\/?post_type=product&#038;p=22"},"modified":"2026-04-14T21:28:10","modified_gmt":"2026-04-14T19:28:10","slug":"kidzaudio-music-box","status":"publish","type":"product","link":"https:\/\/www.kidz-audio.de\/fr\/produkt\/kidzaudio-music-box\/","title":{"rendered":"KidzAudio Music Box"},"content":{"rendered":"<p><strong>Die KidzAudio MUSIC BOX ist ein Lautsprechersystem f\u00fcr Kinder ab 3 Jahren.<\/strong>\u00a0Sie bietet einfachste Bedienung, nat\u00fcrlichen H\u00f6rspa\u00df und verf\u00fcgt sogar \u00fcber ein integriertes Mikrofon. Damit k\u00f6nnen Stimmen, Ger\u00e4usche oder Musikinstrumente einfach aufgenommen und abgespielt werden. Die einzelnen Komponenten sind jeweils aus robusten und nachhaltigen Materialien gefertigt. Durch den integrierten und austauschbaren Akku kann die MUSIC BOX auch unterwegs, z.B. im Urlaub, verwendet werden (Akku-Laufzeit bis zu 8 Stunden).<\/p>\n<p>Als Audioquelle dient entweder ein frei bespielbarer USB-Stick oder aber eine externe Quelle (z.B. Smartphone), welche per Bluetooth\u00ae verbunden werden kann. Man ben\u00f6tigt keine Abos, Clouds, Apps oder \u00c4hnliches, sondern erstellt Playlists mit eigenen MP3-Inhalten &#8211; ganz ohne weitere Folgekosten. Mit der eingebauten Sleep-Funktion wird die MUSIC BOX zur Einschlafhilfe, in dem z.B. Geschichten \u00fcber 30 Minuten immer leiser werden, bevor sich die Box schlie\u00dflich ganz ausschaltet. Das Lautsprechersystem ist dabei absolut kindersicher: Das massive Bambusgeh\u00e4use wurde mit nat\u00fcrlichem Lein\u00f6l behandelt, der Handgriff besteht aus lebensmittelechtem Silikon. Im Lautsprechergeh\u00e4use gibt es keine Netzspannung.<\/p>\n<p>Die MUSIC BOX er\u00f6ffnet Ihren Kindern vielf\u00e4ltige M\u00f6glichkeiten, Audio-Inhalte zu erleben und selbst zu gestalten. Wir w\u00fcnschen dabei viel Freude.<\/p>\n","protected":false},"excerpt":{"rendered":"<p>Der mobile Kinderlautsprecher mit eingebautem Mikrofon f\u00fcr Kinder ab 3 Jahren.<\/p>\n","protected":false},"featured_media":131,"comment_status":"open","ping_status":"closed","template":"","meta":{"_acf_changed":false},"product_brand":[],"product_cat":[42],"product_tag":[],"class_list":{"0":"post-22","1":"product","2":"type-product","3":"status-publish","4":"has-post-thumbnail","6":"product_cat-mobile-kinderlautsprecher","7":"pa_abmessungen-160-x-150-x-150-mm","8":"pa_anschlussart-bluetooth","9":"pa_anschlussart-kopfhoerer-35mm-klinke","10":"pa_anschlussart-usb-c-power","11":"pa_anschlussart-usb-stick","12":"pa_ausgangsleistung-35-w-rms","14":"first","15":"instock","16":"taxable","17":"shipping-taxable","18":"purchasable","19":"product-type-simple"},"acf":[],"yoast_head":"<!-- This site is optimized with the Yoast SEO Premium plugin v27.5 (Yoast SEO v27.6) - https:\/\/yoast.com\/product\/yoast-seo-premium-wordpress\/ -->\n<title>KidzAudio Music Box - Kidz-Audio<\/title>\n<meta name=\"robots\" content=\"index, follow, max-snippet:-1, max-image-preview:large, max-video-preview:-1\" \/>\n<link rel=\"canonical\" href=\"https:\/\/www.kidz-audio.de\/fr\/produkt\/kidzaudio-music-box\/\" \/>\n<meta property=\"og:locale\" content=\"fr_FR\" \/>\n<meta property=\"og:type\" content=\"article\" \/>\n<meta property=\"og:title\" content=\"KidzAudio Music Box\" \/>\n<meta property=\"og:description\" content=\"Der mobile Kinderlautsprecher mit eingebautem Mikrofon f\u00fcr Kinder ab 3 Jahren.\" \/>\n<meta property=\"og:url\" content=\"https:\/\/www.kidz-audio.de\/fr\/produkt\/kidzaudio-music-box\/\" \/>\n<meta property=\"og:site_name\" content=\"Kidz-Audio\" \/>\n<meta property=\"article:modified_time\" content=\"2026-04-14T19:28:10+00:00\" \/>\n<meta property=\"og:image\" content=\"https:\/\/www.kidz-audio.de\/wp-content\/uploads\/sites\/11\/2024\/01\/KidzAudio_MusicBox_01-1.jpg?_t=1756810170\" \/>\n\t<meta property=\"og:image:width\" content=\"1200\" \/>\n\t<meta property=\"og:image:height\" content=\"1200\" \/>\n\t<meta property=\"og:image:type\" content=\"image\/jpeg\" \/>\n<meta name=\"twitter:card\" content=\"summary_large_image\" \/>\n<meta name=\"twitter:label1\" content=\"Prix\" \/>\n\t<meta name=\"twitter:data1\" content=\"139,00&euro;\" \/>\n\t<meta name=\"twitter:label2\" content=\"Disponibilit\u00e9\" \/>\n\t<meta name=\"twitter:data2\" content=\"En stock\" \/>\n<script type=\"application\/ld+json\" class=\"yoast-schema-graph\">{\"@context\":\"https:\\\/\\\/schema.org\",\"@graph\":[{\"@type\":\"WebPage\",\"@id\":\"https:\\\/\\\/www.kidz-audio.de\\\/fr\\\/produkt\\\/kidzaudio-music-box\\\/\",\"url\":\"https:\\\/\\\/www.kidz-audio.de\\\/fr\\\/produkt\\\/kidzaudio-music-box\\\/\",\"name\":\"KidzAudio Music Box - Kidz-Audio\",\"isPartOf\":{\"@id\":\"https:\\\/\\\/www.kidz-audio.de\\\/fr\\\/#website\"},\"primaryImageOfPage\":{\"@id\":\"https:\\\/\\\/www.kidz-audio.de\\\/fr\\\/produkt\\\/kidzaudio-music-box\\\/#primaryimage\"},\"image\":{\"@id\":\"https:\\\/\\\/www.kidz-audio.de\\\/fr\\\/produkt\\\/kidzaudio-music-box\\\/#primaryimage\"},\"thumbnailUrl\":\"https:\\\/\\\/fr.hoerbert.com\\\/wp-content\\\/uploads\\\/sites\\\/11\\\/2024\\\/01\\\/KidzAudio_MusicBox_01-1.jpg\",\"datePublished\":\"2024-01-12T09:26:25+00:00\",\"dateModified\":\"2026-04-14T19:28:10+00:00\",\"breadcrumb\":{\"@id\":\"https:\\\/\\\/www.kidz-audio.de\\\/fr\\\/produkt\\\/kidzaudio-music-box\\\/#breadcrumb\"},\"inLanguage\":\"fr-FR\",\"potentialAction\":[{\"@type\":\"ReadAction\",\"target\":[\"https:\\\/\\\/www.kidz-audio.de\\\/fr\\\/produkt\\\/kidzaudio-music-box\\\/\"]}]},{\"@type\":\"ImageObject\",\"inLanguage\":\"fr-FR\",\"@id\":\"https:\\\/\\\/www.kidz-audio.de\\\/fr\\\/produkt\\\/kidzaudio-music-box\\\/#primaryimage\",\"url\":\"https:\\\/\\\/fr.hoerbert.com\\\/wp-content\\\/uploads\\\/sites\\\/11\\\/2024\\\/01\\\/KidzAudio_MusicBox_01-1.jpg\",\"contentUrl\":\"https:\\\/\\\/fr.hoerbert.com\\\/wp-content\\\/uploads\\\/sites\\\/11\\\/2024\\\/01\\\/KidzAudio_MusicBox_01-1.jpg\",\"width\":1200,\"height\":1200},{\"@type\":\"BreadcrumbList\",\"@id\":\"https:\\\/\\\/www.kidz-audio.de\\\/fr\\\/produkt\\\/kidzaudio-music-box\\\/#breadcrumb\",\"itemListElement\":[{\"@type\":\"ListItem\",\"position\":1,\"name\":\"Home\",\"item\":\"https:\\\/\\\/www.kidz-audio.de\\\/fr\\\/home\\\/\"},{\"@type\":\"ListItem\",\"position\":2,\"name\":\"Boutique\",\"item\":\"https:\\\/\\\/www.kidz-audio.de\\\/boutique\\\/\"},{\"@type\":\"ListItem\",\"position\":3,\"name\":\"KidzAudio Music Box\"}]},{\"@type\":\"WebSite\",\"@id\":\"https:\\\/\\\/www.kidz-audio.de\\\/fr\\\/#website\",\"url\":\"https:\\\/\\\/www.kidz-audio.de\\\/fr\\\/\",\"name\":\"Kidz-Audio\",\"description\":\"Kidz-Audio\",\"publisher\":{\"@id\":\"https:\\\/\\\/www.kidz-audio.de\\\/fr\\\/#organization\"},\"potentialAction\":[{\"@type\":\"SearchAction\",\"target\":{\"@type\":\"EntryPoint\",\"urlTemplate\":\"https:\\\/\\\/www.kidz-audio.de\\\/fr\\\/?s={search_term_string}\"},\"query-input\":{\"@type\":\"PropertyValueSpecification\",\"valueRequired\":true,\"valueName\":\"search_term_string\"}}],\"inLanguage\":\"fr-FR\"},{\"@type\":\"Organization\",\"@id\":\"https:\\\/\\\/www.kidz-audio.de\\\/fr\\\/#organization\",\"name\":\"Kidz-Audio\",\"url\":\"https:\\\/\\\/www.kidz-audio.de\\\/fr\\\/\",\"logo\":{\"@type\":\"ImageObject\",\"inLanguage\":\"fr-FR\",\"@id\":\"https:\\\/\\\/www.kidz-audio.de\\\/fr\\\/#\\\/schema\\\/logo\\\/image\\\/\",\"url\":\"https:\\\/\\\/fr.hoerbert.com\\\/wp-content\\\/uploads\\\/sites\\\/11\\\/2024\\\/01\\\/kidzaudio.png\",\"contentUrl\":\"https:\\\/\\\/fr.hoerbert.com\\\/wp-content\\\/uploads\\\/sites\\\/11\\\/2024\\\/01\\\/kidzaudio.png\",\"width\":269,\"height\":42,\"caption\":\"Kidz-Audio\"},\"image\":{\"@id\":\"https:\\\/\\\/www.kidz-audio.de\\\/fr\\\/#\\\/schema\\\/logo\\\/image\\\/\"}}]}<\/script>\n<meta property=\"product:price:amount\" content=\"139.00\" \/>\n<meta property=\"product:price:currency\" content=\"EUR\" \/>\n<meta property=\"og:availability\" content=\"instock\" \/>\n<meta property=\"product:availability\" content=\"instock\" \/>\n<meta property=\"product:retailer_item_id\" content=\"61002\" \/>\n<meta property=\"product:condition\" content=\"new\" \/>\n<!-- \/ Yoast SEO Premium plugin. -->","yoast_head_json":{"title":"KidzAudio Music Box - Kidz-Audio","robots":{"index":"index","follow":"follow","max-snippet":"max-snippet:-1","max-image-preview":"max-image-preview:large","max-video-preview":"max-video-preview:-1"},"canonical":"https:\/\/www.kidz-audio.de\/fr\/produkt\/kidzaudio-music-box\/","og_locale":"fr_FR","og_type":"article","og_title":"KidzAudio Music Box","og_description":"Der mobile Kinderlautsprecher mit eingebautem Mikrofon f\u00fcr Kinder ab 3 Jahren.","og_url":"https:\/\/www.kidz-audio.de\/fr\/produkt\/kidzaudio-music-box\/","og_site_name":"Kidz-Audio","article_modified_time":"2026-04-14T19:28:10+00:00","og_image":[{"width":1200,"height":1200,"url":"https:\/\/www.kidz-audio.de\/wp-content\/uploads\/sites\/11\/2024\/01\/KidzAudio_MusicBox_01-1.jpg?_t=1756810170","type":"image\/jpeg"}],"twitter_card":"summary_large_image","twitter_misc":{"Prix":"139,00&euro;","Disponibilit\u00e9":"En stock"},"schema":{"@context":"https:\/\/schema.org","@graph":[{"@type":"WebPage","@id":"https:\/\/www.kidz-audio.de\/fr\/produkt\/kidzaudio-music-box\/","url":"https:\/\/www.kidz-audio.de\/fr\/produkt\/kidzaudio-music-box\/","name":"KidzAudio Music Box - Kidz-Audio","isPartOf":{"@id":"https:\/\/www.kidz-audio.de\/fr\/#website"},"primaryImageOfPage":{"@id":"https:\/\/www.kidz-audio.de\/fr\/produkt\/kidzaudio-music-box\/#primaryimage"},"image":{"@id":"https:\/\/www.kidz-audio.de\/fr\/produkt\/kidzaudio-music-box\/#primaryimage"},"thumbnailUrl":"https:\/\/fr.hoerbert.com\/wp-content\/uploads\/sites\/11\/2024\/01\/KidzAudio_MusicBox_01-1.jpg","datePublished":"2024-01-12T09:26:25+00:00","dateModified":"2026-04-14T19:28:10+00:00","breadcrumb":{"@id":"https:\/\/www.kidz-audio.de\/fr\/produkt\/kidzaudio-music-box\/#breadcrumb"},"inLanguage":"fr-FR","potentialAction":[{"@type":"ReadAction","target":["https:\/\/www.kidz-audio.de\/fr\/produkt\/kidzaudio-music-box\/"]}]},{"@type":"ImageObject","inLanguage":"fr-FR","@id":"https:\/\/www.kidz-audio.de\/fr\/produkt\/kidzaudio-music-box\/#primaryimage","url":"https:\/\/fr.hoerbert.com\/wp-content\/uploads\/sites\/11\/2024\/01\/KidzAudio_MusicBox_01-1.jpg","contentUrl":"https:\/\/fr.hoerbert.com\/wp-content\/uploads\/sites\/11\/2024\/01\/KidzAudio_MusicBox_01-1.jpg","width":1200,"height":1200},{"@type":"BreadcrumbList","@id":"https:\/\/www.kidz-audio.de\/fr\/produkt\/kidzaudio-music-box\/#breadcrumb","itemListElement":[{"@type":"ListItem","position":1,"name":"Home","item":"https:\/\/www.kidz-audio.de\/fr\/home\/"},{"@type":"ListItem","position":2,"name":"Boutique","item":"https:\/\/www.kidz-audio.de\/boutique\/"},{"@type":"ListItem","position":3,"name":"KidzAudio Music Box"}]},{"@type":"WebSite","@id":"https:\/\/www.kidz-audio.de\/fr\/#website","url":"https:\/\/www.kidz-audio.de\/fr\/","name":"Kidz-Audio","description":"Kidz-Audio","publisher":{"@id":"https:\/\/www.kidz-audio.de\/fr\/#organization"},"potentialAction":[{"@type":"SearchAction","target":{"@type":"EntryPoint","urlTemplate":"https:\/\/www.kidz-audio.de\/fr\/?s={search_term_string}"},"query-input":{"@type":"PropertyValueSpecification","valueRequired":true,"valueName":"search_term_string"}}],"inLanguage":"fr-FR"},{"@type":"Organization","@id":"https:\/\/www.kidz-audio.de\/fr\/#organization","name":"Kidz-Audio","url":"https:\/\/www.kidz-audio.de\/fr\/","logo":{"@type":"ImageObject","inLanguage":"fr-FR","@id":"https:\/\/www.kidz-audio.de\/fr\/#\/schema\/logo\/image\/","url":"https:\/\/fr.hoerbert.com\/wp-content\/uploads\/sites\/11\/2024\/01\/kidzaudio.png","contentUrl":"https:\/\/fr.hoerbert.com\/wp-content\/uploads\/sites\/11\/2024\/01\/kidzaudio.png","width":269,"height":42,"caption":"Kidz-Audio"},"image":{"@id":"https:\/\/www.kidz-audio.de\/fr\/#\/schema\/logo\/image\/"}}]},"product_price_amount":"139.00","product_price_currency":"EUR","og_availability":"instock","product_availability":"instock","product_retailer_item_id":"61002","product_condition":"new"},"_links":{"self":[{"href":"https:\/\/www.kidz-audio.de\/fr\/wp-json\/wp\/v2\/product\/22","targetHints":{"allow":["GET"]}}],"collection":[{"href":"https:\/\/www.kidz-audio.de\/fr\/wp-json\/wp\/v2\/product"}],"about":[{"href":"https:\/\/www.kidz-audio.de\/fr\/wp-json\/wp\/v2\/types\/product"}],"replies":[{"embeddable":true,"href":"https:\/\/www.kidz-audio.de\/fr\/wp-json\/wp\/v2\/comments?post=22"}],"wp:featuredmedia":[{"embeddable":true,"href":"https:\/\/www.kidz-audio.de\/fr\/wp-json\/wp\/v2\/media\/131"}],"wp:attachment":[{"href":"https:\/\/www.kidz-audio.de\/fr\/wp-json\/wp\/v2\/media?parent=22"}],"wp:term":[{"taxonomy":"product_brand","embeddable":true,"href":"https:\/\/www.kidz-audio.de\/fr\/wp-json\/wp\/v2\/product_brand?post=22"},{"taxonomy":"product_cat","embeddable":true,"href":"https:\/\/www.kidz-audio.de\/fr\/wp-json\/wp\/v2\/product_cat?post=22"},{"taxonomy":"product_tag","embeddable":true,"href":"https:\/\/www.kidz-audio.de\/fr\/wp-json\/wp\/v2\/product_tag?post=22"}],"curies":[{"name":"wp","href":"https:\/\/api.w.org\/{rel}","templated":true}]}}