{"id":882,"date":"2024-01-24T17:30:02","date_gmt":"2024-01-24T16:30:02","guid":{"rendered":"https:\/\/www.kidz-audio.de\/paiement-et-livraison\/"},"modified":"2024-06-14T12:49:34","modified_gmt":"2024-06-14T10:49:34","slug":"paiement-et-livraison","status":"publish","type":"page","link":"https:\/\/www.kidz-audio.de\/fr\/paiement-et-livraison\/","title":{"rendered":"Paiement et livraison"},"content":{"rendered":"\t\t<div data-elementor-type=\"wp-page\" data-elementor-id=\"882\" class=\"elementor elementor-882 elementor-276\" data-elementor-post-type=\"page\">\n\t\t\t\t\t\t<section class=\"elementor-section elementor-top-section elementor-element elementor-element-76b36c5 elementor-section-boxed elementor-section-height-default elementor-section-height-default\" data-id=\"76b36c5\" data-element_type=\"section\" data-e-type=\"section\">\n\t\t\t\t\t\t<div class=\"elementor-container elementor-column-gap-default\">\n\t\t\t\t\t<div class=\"elementor-column elementor-col-100 elementor-top-column elementor-element elementor-element-fcc3b82\" data-id=\"fcc3b82\" data-element_type=\"column\" data-e-type=\"column\">\n\t\t\t<div class=\"elementor-widget-wrap elementor-element-populated\">\n\t\t\t\t\t\t<div class=\"elementor-element elementor-element-31952f7 elementor-widget elementor-widget-spacer\" data-id=\"31952f7\" data-element_type=\"widget\" data-e-type=\"widget\" data-widget_type=\"spacer.default\">\n\t\t\t\t<div class=\"elementor-widget-container\">\n\t\t\t\t\t\t\t<div class=\"elementor-spacer\">\n\t\t\t<div class=\"elementor-spacer-inner\"><\/div>\n\t\t<\/div>\n\t\t\t\t\t\t<\/div>\n\t\t\t\t<\/div>\n\t\t\t\t<div class=\"elementor-element elementor-element-2a98b97 elementor-widget elementor-widget-spacer\" data-id=\"2a98b97\" data-element_type=\"widget\" data-e-type=\"widget\" data-widget_type=\"spacer.default\">\n\t\t\t\t<div class=\"elementor-widget-container\">\n\t\t\t\t\t\t\t<div class=\"elementor-spacer\">\n\t\t\t<div class=\"elementor-spacer-inner\"><\/div>\n\t\t<\/div>\n\t\t\t\t\t\t<\/div>\n\t\t\t\t<\/div>\n\t\t\t\t\t<\/div>\n\t\t<\/div>\n\t\t\t\t\t<\/div>\n\t\t<\/section>\n\t\t\t\t<section class=\"elementor-section elementor-top-section elementor-element elementor-element-9e92402 elementor-section-boxed elementor-section-height-default elementor-section-height-default\" data-id=\"9e92402\" data-element_type=\"section\" data-e-type=\"section\">\n\t\t\t\t\t\t<div class=\"elementor-container elementor-column-gap-default\">\n\t\t\t\t\t<div class=\"elementor-column elementor-col-50 elementor-top-column elementor-element elementor-element-e0efa5b\" data-id=\"e0efa5b\" data-element_type=\"column\" data-e-type=\"column\">\n\t\t\t<div class=\"elementor-widget-wrap elementor-element-populated\">\n\t\t\t\t\t\t<div class=\"elementor-element elementor-element-4fe54c6 elementor-widget elementor-widget-heading\" data-id=\"4fe54c6\" data-element_type=\"widget\" data-e-type=\"widget\" data-widget_type=\"heading.default\">\n\t\t\t\t<div class=\"elementor-widget-container\">\n\t\t\t\t\t<h3 class=\"elementor-heading-title elementor-size-default\">Options de livraison disponibles<\/h3>\t\t\t\t<\/div>\n\t\t\t\t<\/div>\n\t\t\t\t<div class=\"elementor-element elementor-element-498465c elementor-widget elementor-widget-text-editor\" data-id=\"498465c\" data-element_type=\"widget\" data-e-type=\"widget\" data-widget_type=\"text-editor.default\">\n\t\t\t\t<div class=\"elementor-widget-container\">\n\t\t\t\t\t\t\t\t\t<p>Les conditions suivantes s&rsquo;appliquent :<\/p>\n<p><strong>Frais d&rsquo;exp\u00e9dition<\/strong> (TVA l\u00e9gale incluse)<\/p>\n<ul>\n<li>Livraisons en Allemagne: <strong>0 \u20ac (gratuit)<\/strong><\/li>\n<li>Livraisons vers l&rsquo;Autriche, les Pays-Bas, la Belgique et la France: <strong> 7,99 \u20ac* <\/strong><\/li>\n<\/ul>\n<p>Tous les envois sont livr\u00e9s par <a href=\"https:\/\/www.dhl.de\/de\/privatkunden.html\">DHL<\/a>.<\/p>\n<p>*- Le prix d\u00e9pend du taux de TVA du pays de destination et peut \u00eatre diff\u00e9rent de celui indiqu\u00e9 ci-dessus.<\/p>\n\t\t\t\t\t\t\t\t<\/div>\n\t\t\t\t<\/div>\n\t\t\t\t\t<\/div>\n\t\t<\/div>\n\t\t\t\t<div class=\"elementor-column elementor-col-50 elementor-top-column elementor-element elementor-element-3f8c887\" data-id=\"3f8c887\" data-element_type=\"column\" data-e-type=\"column\">\n\t\t\t<div class=\"elementor-widget-wrap elementor-element-populated\">\n\t\t\t\t\t\t<div class=\"elementor-element elementor-element-bd0e939 elementor-widget elementor-widget-heading\" data-id=\"bd0e939\" data-element_type=\"widget\" data-e-type=\"widget\" data-widget_type=\"heading.default\">\n\t\t\t\t<div class=\"elementor-widget-container\">\n\t\t\t\t\t<h3 class=\"elementor-heading-title elementor-size-default\">Options de paiement disponibles<\/h3>\t\t\t\t<\/div>\n\t\t\t\t<\/div>\n\t\t\t\t<section class=\"elementor-section elementor-inner-section elementor-element elementor-element-673b0dc elementor-section-boxed elementor-section-height-default elementor-section-height-default\" data-id=\"673b0dc\" data-element_type=\"section\" data-e-type=\"section\">\n\t\t\t\t\t\t<div class=\"elementor-container elementor-column-gap-default\">\n\t\t\t\t\t<div class=\"elementor-column elementor-col-33 elementor-inner-column elementor-element elementor-element-514b971\" data-id=\"514b971\" data-element_type=\"column\" data-e-type=\"column\">\n\t\t\t<div class=\"elementor-widget-wrap elementor-element-populated\">\n\t\t\t\t\t\t<div class=\"elementor-element elementor-element-08613c7 elementor-widget elementor-widget-text-editor\" data-id=\"08613c7\" data-element_type=\"widget\" data-e-type=\"widget\" data-widget_type=\"text-editor.default\">\n\t\t\t\t<div class=\"elementor-widget-container\">\n\t\t\t\t\t\t\t\t\t<p><strong>Par Stripe:<\/strong><br \/>&#8211; Montant par carte de cr\u00e9dit<br \/>&#8211; Paiement par giropay<br \/>&#8211; Paiement par EPS<br \/>&#8211; Paiement par Apple Pay<br \/>&#8211; Paiement par Google Pay<br \/>&#8211; Paiement par P24 (Przelewy 24)<\/p>\n\t\t\t\t\t\t\t\t<\/div>\n\t\t\t\t<\/div>\n\t\t\t\t\t<\/div>\n\t\t<\/div>\n\t\t\t\t<div class=\"elementor-column elementor-col-33 elementor-inner-column elementor-element elementor-element-322f86d\" data-id=\"322f86d\" data-element_type=\"column\" data-e-type=\"column\">\n\t\t\t<div class=\"elementor-widget-wrap elementor-element-populated\">\n\t\t\t\t\t\t<div class=\"elementor-element elementor-element-fae50b8 elementor-widget elementor-widget-text-editor\" data-id=\"fae50b8\" data-element_type=\"widget\" data-e-type=\"widget\" data-widget_type=\"text-editor.default\">\n\t\t\t\t<div class=\"elementor-widget-container\">\n\t\t\t\t\t\t\t\t\t<p><strong>Par PayPal:<\/strong><br \/>&#8211; Paiement par PayPal<br \/>&#8211; Paiement par pr\u00e9l\u00e8vement SEPA<br \/>&#8211; Paiement par \u00ab\u00a0payer plus tard \u00ab\u00a0<br \/>&#8211; Paiement par SOFORT<\/p>\n\t\t\t\t\t\t\t\t<\/div>\n\t\t\t\t<\/div>\n\t\t\t\t\t<\/div>\n\t\t<\/div>\n\t\t\t\t<div class=\"elementor-column elementor-col-33 elementor-inner-column elementor-element elementor-element-f110267\" data-id=\"f110267\" data-element_type=\"column\" data-e-type=\"column\">\n\t\t\t<div class=\"elementor-widget-wrap\">\n\t\t\t\t\t\t\t<\/div>\n\t\t<\/div>\n\t\t\t\t\t<\/div>\n\t\t<\/section>\n\t\t\t\t<div class=\"elementor-element elementor-element-4f4c028 elementor-widget elementor-widget-text-editor\" data-id=\"4f4c028\" data-element_type=\"widget\" data-e-type=\"widget\" data-widget_type=\"text-editor.default\">\n\t\t\t\t<div class=\"elementor-widget-container\">\n\t\t\t\t\t\t\t\t\t<p><strong>Plus de d\u00e9tails sur le paiement<\/strong><\/p>\n<p>Le paiement par facture n&rsquo;est possible que pour les autorit\u00e9s et les institutions publiques.<\/p>\n<p>Le montant de la facture doit \u00eatre r\u00e9gl\u00e9 dans les 10 jours en cas de paiement sur facture.<\/p>\n<p><strong>Nos coordonn\u00e9es bancaires :<\/strong><\/p>\n<p>Bremische Volksbank eG<br \/>IBAN: DE60 2919 0024 0014 4029 00<br \/>BIC: GENODEF1HB1<\/p>\n\t\t\t\t\t\t\t\t<\/div>\n\t\t\t\t<\/div>\n\t\t\t\t\t<\/div>\n\t\t<\/div>\n\t\t\t\t\t<\/div>\n\t\t<\/section>\n\t\t\t\t<section class=\"elementor-section elementor-top-section elementor-element elementor-element-93708b5 elementor-section-boxed elementor-section-height-default elementor-section-height-default\" data-id=\"93708b5\" data-element_type=\"section\" data-e-type=\"section\">\n\t\t\t\t\t\t<div class=\"elementor-container elementor-column-gap-default\">\n\t\t\t\t\t<div class=\"elementor-column elementor-col-100 elementor-top-column elementor-element elementor-element-a231968\" data-id=\"a231968\" data-element_type=\"column\" data-e-type=\"column\">\n\t\t\t<div class=\"elementor-widget-wrap elementor-element-populated\">\n\t\t\t\t\t\t<div class=\"elementor-element elementor-element-b953191 elementor-widget elementor-widget-spacer\" data-id=\"b953191\" data-element_type=\"widget\" data-e-type=\"widget\" data-widget_type=\"spacer.default\">\n\t\t\t\t<div class=\"elementor-widget-container\">\n\t\t\t\t\t\t\t<div class=\"elementor-spacer\">\n\t\t\t<div class=\"elementor-spacer-inner\"><\/div>\n\t\t<\/div>\n\t\t\t\t\t\t<\/div>\n\t\t\t\t<\/div>\n\t\t\t\t\t<\/div>\n\t\t<\/div>\n\t\t\t\t\t<\/div>\n\t\t<\/section>\n\t\t\t\t<\/div>\n\t\t","protected":false},"excerpt":{"rendered":"<p>Options de livraison disponibles Les conditions suivantes s&rsquo;appliquent : Frais d&rsquo;exp\u00e9dition (TVA l\u00e9gale incluse) Livraisons en Allemagne: 0 \u20ac (gratuit) Livraisons vers l&rsquo;Autriche, les Pays-Bas, la Belgique et la France: 7,99 \u20ac* Tous les envois sont livr\u00e9s par DHL. *- Le prix d\u00e9pend du taux de TVA du pays de destination et peut \u00eatre diff\u00e9rent [&hellip;]<\/p>\n","protected":false},"author":299,"featured_media":0,"parent":0,"menu_order":0,"comment_status":"closed","ping_status":"closed","template":"elementor_header_footer","meta":{"_acf_changed":false,"footnotes":""},"class_list":["post-882","page","type-page","status-publish","hentry"],"acf":[],"yoast_head":"<!-- This site is optimized with the Yoast SEO Premium plugin v27.5 (Yoast SEO v27.5) - https:\/\/yoast.com\/product\/yoast-seo-premium-wordpress\/ -->\n<title>Paiement et livraison - Kidz-Audio<\/title>\n<meta name=\"robots\" content=\"index, follow, max-snippet:-1, max-image-preview:large, max-video-preview:-1\" \/>\n<link rel=\"canonical\" href=\"https:\/\/www.kidz-audio.de\/fr\/paiement-et-livraison\/\" \/>\n<meta property=\"og:locale\" content=\"fr_FR\" \/>\n<meta property=\"og:type\" content=\"article\" \/>\n<meta property=\"og:title\" content=\"Paiement et livraison\" \/>\n<meta property=\"og:description\" content=\"Options de livraison disponibles Les conditions suivantes s&rsquo;appliquent : Frais d&rsquo;exp\u00e9dition (TVA l\u00e9gale incluse) Livraisons en Allemagne: 0 \u20ac (gratuit) Livraisons vers l&rsquo;Autriche, les Pays-Bas, la Belgique et la France: 7,99 \u20ac* Tous les envois sont livr\u00e9s par DHL. *- Le prix d\u00e9pend du taux de TVA du pays de destination et peut \u00eatre diff\u00e9rent [&hellip;]\" \/>\n<meta property=\"og:url\" content=\"https:\/\/www.kidz-audio.de\/fr\/paiement-et-livraison\/\" \/>\n<meta property=\"og:site_name\" content=\"Kidz-Audio\" \/>\n<meta property=\"article:modified_time\" content=\"2024-06-14T10:49:34+00:00\" \/>\n<meta name=\"twitter:card\" content=\"summary_large_image\" \/>\n<meta name=\"twitter:label1\" content=\"Dur\u00e9e de lecture estim\u00e9e\" \/>\n\t<meta name=\"twitter:data1\" content=\"1 minute\" \/>\n<script type=\"application\/ld+json\" class=\"yoast-schema-graph\">{\"@context\":\"https:\\\/\\\/schema.org\",\"@graph\":[{\"@type\":\"WebPage\",\"@id\":\"https:\\\/\\\/www.kidz-audio.de\\\/fr\\\/paiement-et-livraison\\\/\",\"url\":\"https:\\\/\\\/www.kidz-audio.de\\\/fr\\\/paiement-et-livraison\\\/\",\"name\":\"Paiement et livraison - Kidz-Audio\",\"isPartOf\":{\"@id\":\"https:\\\/\\\/www.kidz-audio.de\\\/fr\\\/#website\"},\"datePublished\":\"2024-01-24T16:30:02+00:00\",\"dateModified\":\"2024-06-14T10:49:34+00:00\",\"breadcrumb\":{\"@id\":\"https:\\\/\\\/www.kidz-audio.de\\\/fr\\\/paiement-et-livraison\\\/#breadcrumb\"},\"inLanguage\":\"fr-FR\",\"potentialAction\":[{\"@type\":\"ReadAction\",\"target\":[\"https:\\\/\\\/www.kidz-audio.de\\\/fr\\\/paiement-et-livraison\\\/\"]}]},{\"@type\":\"BreadcrumbList\",\"@id\":\"https:\\\/\\\/www.kidz-audio.de\\\/fr\\\/paiement-et-livraison\\\/#breadcrumb\",\"itemListElement\":[{\"@type\":\"ListItem\",\"position\":1,\"name\":\"Home\",\"item\":\"https:\\\/\\\/www.kidz-audio.de\\\/fr\\\/home\\\/\"},{\"@type\":\"ListItem\",\"position\":2,\"name\":\"Paiement et livraison\"}]},{\"@type\":\"WebSite\",\"@id\":\"https:\\\/\\\/www.kidz-audio.de\\\/fr\\\/#website\",\"url\":\"https:\\\/\\\/www.kidz-audio.de\\\/fr\\\/\",\"name\":\"Kidz-Audio\",\"description\":\"Kidz-Audio\",\"publisher\":{\"@id\":\"https:\\\/\\\/www.kidz-audio.de\\\/fr\\\/#organization\"},\"potentialAction\":[{\"@type\":\"SearchAction\",\"target\":{\"@type\":\"EntryPoint\",\"urlTemplate\":\"https:\\\/\\\/www.kidz-audio.de\\\/fr\\\/?s={search_term_string}\"},\"query-input\":{\"@type\":\"PropertyValueSpecification\",\"valueRequired\":true,\"valueName\":\"search_term_string\"}}],\"inLanguage\":\"fr-FR\"},{\"@type\":\"Organization\",\"@id\":\"https:\\\/\\\/www.kidz-audio.de\\\/fr\\\/#organization\",\"name\":\"Kidz-Audio\",\"url\":\"https:\\\/\\\/www.kidz-audio.de\\\/fr\\\/\",\"logo\":{\"@type\":\"ImageObject\",\"inLanguage\":\"fr-FR\",\"@id\":\"https:\\\/\\\/www.kidz-audio.de\\\/fr\\\/#\\\/schema\\\/logo\\\/image\\\/\",\"url\":\"https:\\\/\\\/fr.hoerbert.com\\\/wp-content\\\/uploads\\\/sites\\\/11\\\/2024\\\/01\\\/kidzaudio.png\",\"contentUrl\":\"https:\\\/\\\/fr.hoerbert.com\\\/wp-content\\\/uploads\\\/sites\\\/11\\\/2024\\\/01\\\/kidzaudio.png\",\"width\":269,\"height\":42,\"caption\":\"Kidz-Audio\"},\"image\":{\"@id\":\"https:\\\/\\\/www.kidz-audio.de\\\/fr\\\/#\\\/schema\\\/logo\\\/image\\\/\"}}]}<\/script>\n<!-- \/ Yoast SEO Premium plugin. -->","yoast_head_json":{"title":"Paiement et livraison - Kidz-Audio","robots":{"index":"index","follow":"follow","max-snippet":"max-snippet:-1","max-image-preview":"max-image-preview:large","max-video-preview":"max-video-preview:-1"},"canonical":"https:\/\/www.kidz-audio.de\/fr\/paiement-et-livraison\/","og_locale":"fr_FR","og_type":"article","og_title":"Paiement et livraison","og_description":"Options de livraison disponibles Les conditions suivantes s&rsquo;appliquent : Frais d&rsquo;exp\u00e9dition (TVA l\u00e9gale incluse) Livraisons en Allemagne: 0 \u20ac (gratuit) Livraisons vers l&rsquo;Autriche, les Pays-Bas, la Belgique et la France: 7,99 \u20ac* Tous les envois sont livr\u00e9s par DHL. *- Le prix d\u00e9pend du taux de TVA du pays de destination et peut \u00eatre diff\u00e9rent [&hellip;]","og_url":"https:\/\/www.kidz-audio.de\/fr\/paiement-et-livraison\/","og_site_name":"Kidz-Audio","article_modified_time":"2024-06-14T10:49:34+00:00","twitter_card":"summary_large_image","twitter_misc":{"Dur\u00e9e de lecture estim\u00e9e":"1 minute"},"schema":{"@context":"https:\/\/schema.org","@graph":[{"@type":"WebPage","@id":"https:\/\/www.kidz-audio.de\/fr\/paiement-et-livraison\/","url":"https:\/\/www.kidz-audio.de\/fr\/paiement-et-livraison\/","name":"Paiement et livraison - Kidz-Audio","isPartOf":{"@id":"https:\/\/www.kidz-audio.de\/fr\/#website"},"datePublished":"2024-01-24T16:30:02+00:00","dateModified":"2024-06-14T10:49:34+00:00","breadcrumb":{"@id":"https:\/\/www.kidz-audio.de\/fr\/paiement-et-livraison\/#breadcrumb"},"inLanguage":"fr-FR","potentialAction":[{"@type":"ReadAction","target":["https:\/\/www.kidz-audio.de\/fr\/paiement-et-livraison\/"]}]},{"@type":"BreadcrumbList","@id":"https:\/\/www.kidz-audio.de\/fr\/paiement-et-livraison\/#breadcrumb","itemListElement":[{"@type":"ListItem","position":1,"name":"Home","item":"https:\/\/www.kidz-audio.de\/fr\/home\/"},{"@type":"ListItem","position":2,"name":"Paiement et livraison"}]},{"@type":"WebSite","@id":"https:\/\/www.kidz-audio.de\/fr\/#website","url":"https:\/\/www.kidz-audio.de\/fr\/","name":"Kidz-Audio","description":"Kidz-Audio","publisher":{"@id":"https:\/\/www.kidz-audio.de\/fr\/#organization"},"potentialAction":[{"@type":"SearchAction","target":{"@type":"EntryPoint","urlTemplate":"https:\/\/www.kidz-audio.de\/fr\/?s={search_term_string}"},"query-input":{"@type":"PropertyValueSpecification","valueRequired":true,"valueName":"search_term_string"}}],"inLanguage":"fr-FR"},{"@type":"Organization","@id":"https:\/\/www.kidz-audio.de\/fr\/#organization","name":"Kidz-Audio","url":"https:\/\/www.kidz-audio.de\/fr\/","logo":{"@type":"ImageObject","inLanguage":"fr-FR","@id":"https:\/\/www.kidz-audio.de\/fr\/#\/schema\/logo\/image\/","url":"https:\/\/fr.hoerbert.com\/wp-content\/uploads\/sites\/11\/2024\/01\/kidzaudio.png","contentUrl":"https:\/\/fr.hoerbert.com\/wp-content\/uploads\/sites\/11\/2024\/01\/kidzaudio.png","width":269,"height":42,"caption":"Kidz-Audio"},"image":{"@id":"https:\/\/www.kidz-audio.de\/fr\/#\/schema\/logo\/image\/"}}]}},"_links":{"self":[{"href":"https:\/\/www.kidz-audio.de\/fr\/wp-json\/wp\/v2\/pages\/882","targetHints":{"allow":["GET"]}}],"collection":[{"href":"https:\/\/www.kidz-audio.de\/fr\/wp-json\/wp\/v2\/pages"}],"about":[{"href":"https:\/\/www.kidz-audio.de\/fr\/wp-json\/wp\/v2\/types\/page"}],"author":[{"embeddable":true,"href":"https:\/\/www.kidz-audio.de\/fr\/wp-json\/wp\/v2\/users\/299"}],"replies":[{"embeddable":true,"href":"https:\/\/www.kidz-audio.de\/fr\/wp-json\/wp\/v2\/comments?post=882"}],"version-history":[{"count":1,"href":"https:\/\/www.kidz-audio.de\/fr\/wp-json\/wp\/v2\/pages\/882\/revisions"}],"predecessor-version":[{"id":883,"href":"https:\/\/www.kidz-audio.de\/fr\/wp-json\/wp\/v2\/pages\/882\/revisions\/883"}],"wp:attachment":[{"href":"https:\/\/www.kidz-audio.de\/fr\/wp-json\/wp\/v2\/media?parent=882"}],"curies":[{"name":"wp","href":"https:\/\/api.w.org\/{rel}","templated":true}]}}