{"id":878,"date":"2024-01-24T17:37:18","date_gmt":"2024-01-24T16:37:18","guid":{"rendered":"https:\/\/www.kidz-audio.de\/remarques-sur-lelimination-des-piles\/"},"modified":"2024-06-14T12:39:22","modified_gmt":"2024-06-14T10:39:22","slug":"remarques-sur-lelimination-des-piles","status":"publish","type":"page","link":"https:\/\/www.kidz-audio.de\/fr\/remarques-sur-lelimination-des-piles\/","title":{"rendered":"Remarques sur l&rsquo;\u00e9limination des piles"},"content":{"rendered":"\t\t<div data-elementor-type=\"wp-page\" data-elementor-id=\"878\" class=\"elementor elementor-878 elementor-289\" data-elementor-post-type=\"page\">\n\t\t\t\t\t\t<section class=\"elementor-section elementor-top-section elementor-element elementor-element-a4fdffd elementor-section-boxed elementor-section-height-default elementor-section-height-default\" data-id=\"a4fdffd\" data-element_type=\"section\" data-e-type=\"section\">\n\t\t\t\t\t\t<div class=\"elementor-container elementor-column-gap-default\">\n\t\t\t\t\t<div class=\"elementor-column elementor-col-100 elementor-top-column elementor-element elementor-element-11eed37\" data-id=\"11eed37\" data-element_type=\"column\" data-e-type=\"column\">\n\t\t\t<div class=\"elementor-widget-wrap elementor-element-populated\">\n\t\t\t\t\t\t<div class=\"elementor-element elementor-element-bcf6341 elementor-widget elementor-widget-spacer\" data-id=\"bcf6341\" data-element_type=\"widget\" data-e-type=\"widget\" data-widget_type=\"spacer.default\">\n\t\t\t\t<div class=\"elementor-widget-container\">\n\t\t\t\t\t\t\t<div class=\"elementor-spacer\">\n\t\t\t<div class=\"elementor-spacer-inner\"><\/div>\n\t\t<\/div>\n\t\t\t\t\t\t<\/div>\n\t\t\t\t<\/div>\n\t\t\t\t\t<\/div>\n\t\t<\/div>\n\t\t\t\t\t<\/div>\n\t\t<\/section>\n\t\t\t\t<section class=\"elementor-section elementor-top-section elementor-element elementor-element-219f7d3 elementor-section-boxed elementor-section-height-default elementor-section-height-default\" data-id=\"219f7d3\" data-element_type=\"section\" data-e-type=\"section\">\n\t\t\t\t\t\t<div class=\"elementor-container elementor-column-gap-default\">\n\t\t\t\t\t<div class=\"elementor-column elementor-col-100 elementor-top-column elementor-element elementor-element-dcf02aa\" data-id=\"dcf02aa\" data-element_type=\"column\" data-e-type=\"column\">\n\t\t\t<div class=\"elementor-widget-wrap elementor-element-populated\">\n\t\t\t\t\t\t<div class=\"elementor-element elementor-element-68e1d12 elementor-widget elementor-widget-heading\" data-id=\"68e1d12\" data-element_type=\"widget\" data-e-type=\"widget\" data-widget_type=\"heading.default\">\n\t\t\t\t<div class=\"elementor-widget-container\">\n\t\t\t\t\t<h2 class=\"elementor-heading-title elementor-size-default\">Informations sur le tri des piles utilis\u00e9es dans les produits KidzAudio<\/h2>\t\t\t\t<\/div>\n\t\t\t\t<\/div>\n\t\t\t\t<div class=\"elementor-element elementor-element-bba0d41 elementor-widget elementor-widget-text-editor\" data-id=\"bba0d41\" data-element_type=\"widget\" data-e-type=\"widget\" data-widget_type=\"text-editor.default\">\n\t\t\t\t<div class=\"elementor-widget-container\">\n\t\t\t\t\t\t\t\t\t<p>Dans le cadre de la distribution de piles ou de la livraison d&rsquo;appareils contenant des piles, nous sommes tenus d&rsquo;attirer votre attention sur les points suivants :<br \/>En tant qu&rsquo;utilisateur final, vous \u00eates l\u00e9galement tenu de retourner les piles usag\u00e9es. Vous pouvez rapporter gratuitement \u00e0 notre entrep\u00f4t d&rsquo;exp\u00e9dition (adresse d&rsquo;exp\u00e9dition) les piles usag\u00e9es que nous proposons ou avons propos\u00e9es dans notre assortiment en tant que piles neuves. Les symboles figurant sur les piles ont la signification suivante :<br \/>Le symbole de la poubelle barr\u00e9e signifie que la pile ne doit pas \u00eatre jet\u00e9e avec les ordures m\u00e9nag\u00e8res.<br \/>Pb = batterie contenant plus de 0,004 % de plomb en masse<br \/>Cd = pile contenant plus de 0,002 % en masse de cadmium<br \/>Hg = la pile contient plus de 0,0005 % de mercure en masse.<\/p>\n<p>Veuillez tenir compte des remarques ci-dessus.<\/p>\n\t\t\t\t\t\t\t\t<\/div>\n\t\t\t\t<\/div>\n\t\t\t\t\t<\/div>\n\t\t<\/div>\n\t\t\t\t\t<\/div>\n\t\t<\/section>\n\t\t\t\t<section class=\"elementor-section elementor-top-section elementor-element elementor-element-e0ddf81 elementor-section-boxed elementor-section-height-default elementor-section-height-default\" data-id=\"e0ddf81\" data-element_type=\"section\" data-e-type=\"section\">\n\t\t\t\t\t\t<div class=\"elementor-container elementor-column-gap-default\">\n\t\t\t\t\t<div class=\"elementor-column elementor-col-100 elementor-top-column elementor-element elementor-element-7ba29b9\" data-id=\"7ba29b9\" data-element_type=\"column\" data-e-type=\"column\">\n\t\t\t<div class=\"elementor-widget-wrap elementor-element-populated\">\n\t\t\t\t\t\t<div class=\"elementor-element elementor-element-13fe971 elementor-widget elementor-widget-spacer\" data-id=\"13fe971\" data-element_type=\"widget\" data-e-type=\"widget\" data-widget_type=\"spacer.default\">\n\t\t\t\t<div class=\"elementor-widget-container\">\n\t\t\t\t\t\t\t<div class=\"elementor-spacer\">\n\t\t\t<div class=\"elementor-spacer-inner\"><\/div>\n\t\t<\/div>\n\t\t\t\t\t\t<\/div>\n\t\t\t\t<\/div>\n\t\t\t\t\t<\/div>\n\t\t<\/div>\n\t\t\t\t\t<\/div>\n\t\t<\/section>\n\t\t\t\t<\/div>\n\t\t","protected":false},"excerpt":{"rendered":"<p>Informations sur le tri des piles utilis\u00e9es dans les produits KidzAudio Dans le cadre de la distribution de piles ou de la livraison d&rsquo;appareils contenant des piles, nous sommes tenus d&rsquo;attirer votre attention sur les points suivants :En tant qu&rsquo;utilisateur final, vous \u00eates l\u00e9galement tenu de retourner les piles usag\u00e9es. Vous pouvez rapporter gratuitement \u00e0 [&hellip;]<\/p>\n","protected":false},"author":299,"featured_media":0,"parent":0,"menu_order":0,"comment_status":"closed","ping_status":"closed","template":"elementor_header_footer","meta":{"_acf_changed":false,"footnotes":""},"class_list":["post-878","page","type-page","status-publish","hentry"],"acf":[],"yoast_head":"<!-- This site is optimized with the Yoast SEO Premium plugin v27.5 (Yoast SEO v27.5) - https:\/\/yoast.com\/product\/yoast-seo-premium-wordpress\/ -->\n<title>Remarques sur l&#039;\u00e9limination des piles - Kidz-Audio<\/title>\n<meta name=\"robots\" content=\"index, follow, max-snippet:-1, max-image-preview:large, max-video-preview:-1\" \/>\n<link rel=\"canonical\" href=\"https:\/\/www.kidz-audio.de\/fr\/remarques-sur-lelimination-des-piles\/\" \/>\n<meta property=\"og:locale\" content=\"fr_FR\" \/>\n<meta property=\"og:type\" content=\"article\" \/>\n<meta property=\"og:title\" content=\"Remarques sur l&#039;\u00e9limination des piles\" \/>\n<meta property=\"og:description\" content=\"Informations sur le tri des piles utilis\u00e9es dans les produits KidzAudio Dans le cadre de la distribution de piles ou de la livraison d&rsquo;appareils contenant des piles, nous sommes tenus d&rsquo;attirer votre attention sur les points suivants :En tant qu&rsquo;utilisateur final, vous \u00eates l\u00e9galement tenu de retourner les piles usag\u00e9es. Vous pouvez rapporter gratuitement \u00e0 [&hellip;]\" \/>\n<meta property=\"og:url\" content=\"https:\/\/www.kidz-audio.de\/fr\/remarques-sur-lelimination-des-piles\/\" \/>\n<meta property=\"og:site_name\" content=\"Kidz-Audio\" \/>\n<meta property=\"article:modified_time\" content=\"2024-06-14T10:39:22+00:00\" \/>\n<meta name=\"twitter:card\" content=\"summary_large_image\" \/>\n<meta name=\"twitter:label1\" content=\"Dur\u00e9e de lecture estim\u00e9e\" \/>\n\t<meta name=\"twitter:data1\" content=\"1 minute\" \/>\n<script type=\"application\/ld+json\" class=\"yoast-schema-graph\">{\"@context\":\"https:\\\/\\\/schema.org\",\"@graph\":[{\"@type\":\"WebPage\",\"@id\":\"https:\\\/\\\/www.kidz-audio.de\\\/fr\\\/remarques-sur-lelimination-des-piles\\\/\",\"url\":\"https:\\\/\\\/www.kidz-audio.de\\\/fr\\\/remarques-sur-lelimination-des-piles\\\/\",\"name\":\"Remarques sur l'\u00e9limination des piles - Kidz-Audio\",\"isPartOf\":{\"@id\":\"https:\\\/\\\/www.kidz-audio.de\\\/fr\\\/#website\"},\"datePublished\":\"2024-01-24T16:37:18+00:00\",\"dateModified\":\"2024-06-14T10:39:22+00:00\",\"breadcrumb\":{\"@id\":\"https:\\\/\\\/www.kidz-audio.de\\\/fr\\\/remarques-sur-lelimination-des-piles\\\/#breadcrumb\"},\"inLanguage\":\"fr-FR\",\"potentialAction\":[{\"@type\":\"ReadAction\",\"target\":[\"https:\\\/\\\/www.kidz-audio.de\\\/fr\\\/remarques-sur-lelimination-des-piles\\\/\"]}]},{\"@type\":\"BreadcrumbList\",\"@id\":\"https:\\\/\\\/www.kidz-audio.de\\\/fr\\\/remarques-sur-lelimination-des-piles\\\/#breadcrumb\",\"itemListElement\":[{\"@type\":\"ListItem\",\"position\":1,\"name\":\"Home\",\"item\":\"https:\\\/\\\/www.kidz-audio.de\\\/fr\\\/home\\\/\"},{\"@type\":\"ListItem\",\"position\":2,\"name\":\"Remarques sur l&#8217;\u00e9limination des piles\"}]},{\"@type\":\"WebSite\",\"@id\":\"https:\\\/\\\/www.kidz-audio.de\\\/fr\\\/#website\",\"url\":\"https:\\\/\\\/www.kidz-audio.de\\\/fr\\\/\",\"name\":\"Kidz-Audio\",\"description\":\"Kidz-Audio\",\"publisher\":{\"@id\":\"https:\\\/\\\/www.kidz-audio.de\\\/fr\\\/#organization\"},\"potentialAction\":[{\"@type\":\"SearchAction\",\"target\":{\"@type\":\"EntryPoint\",\"urlTemplate\":\"https:\\\/\\\/www.kidz-audio.de\\\/fr\\\/?s={search_term_string}\"},\"query-input\":{\"@type\":\"PropertyValueSpecification\",\"valueRequired\":true,\"valueName\":\"search_term_string\"}}],\"inLanguage\":\"fr-FR\"},{\"@type\":\"Organization\",\"@id\":\"https:\\\/\\\/www.kidz-audio.de\\\/fr\\\/#organization\",\"name\":\"Kidz-Audio\",\"url\":\"https:\\\/\\\/www.kidz-audio.de\\\/fr\\\/\",\"logo\":{\"@type\":\"ImageObject\",\"inLanguage\":\"fr-FR\",\"@id\":\"https:\\\/\\\/www.kidz-audio.de\\\/fr\\\/#\\\/schema\\\/logo\\\/image\\\/\",\"url\":\"https:\\\/\\\/fr.hoerbert.com\\\/wp-content\\\/uploads\\\/sites\\\/11\\\/2024\\\/01\\\/kidzaudio.png\",\"contentUrl\":\"https:\\\/\\\/fr.hoerbert.com\\\/wp-content\\\/uploads\\\/sites\\\/11\\\/2024\\\/01\\\/kidzaudio.png\",\"width\":269,\"height\":42,\"caption\":\"Kidz-Audio\"},\"image\":{\"@id\":\"https:\\\/\\\/www.kidz-audio.de\\\/fr\\\/#\\\/schema\\\/logo\\\/image\\\/\"}}]}<\/script>\n<!-- \/ Yoast SEO Premium plugin. -->","yoast_head_json":{"title":"Remarques sur l'\u00e9limination des piles - Kidz-Audio","robots":{"index":"index","follow":"follow","max-snippet":"max-snippet:-1","max-image-preview":"max-image-preview:large","max-video-preview":"max-video-preview:-1"},"canonical":"https:\/\/www.kidz-audio.de\/fr\/remarques-sur-lelimination-des-piles\/","og_locale":"fr_FR","og_type":"article","og_title":"Remarques sur l'\u00e9limination des piles","og_description":"Informations sur le tri des piles utilis\u00e9es dans les produits KidzAudio Dans le cadre de la distribution de piles ou de la livraison d&rsquo;appareils contenant des piles, nous sommes tenus d&rsquo;attirer votre attention sur les points suivants :En tant qu&rsquo;utilisateur final, vous \u00eates l\u00e9galement tenu de retourner les piles usag\u00e9es. Vous pouvez rapporter gratuitement \u00e0 [&hellip;]","og_url":"https:\/\/www.kidz-audio.de\/fr\/remarques-sur-lelimination-des-piles\/","og_site_name":"Kidz-Audio","article_modified_time":"2024-06-14T10:39:22+00:00","twitter_card":"summary_large_image","twitter_misc":{"Dur\u00e9e de lecture estim\u00e9e":"1 minute"},"schema":{"@context":"https:\/\/schema.org","@graph":[{"@type":"WebPage","@id":"https:\/\/www.kidz-audio.de\/fr\/remarques-sur-lelimination-des-piles\/","url":"https:\/\/www.kidz-audio.de\/fr\/remarques-sur-lelimination-des-piles\/","name":"Remarques sur l'\u00e9limination des piles - Kidz-Audio","isPartOf":{"@id":"https:\/\/www.kidz-audio.de\/fr\/#website"},"datePublished":"2024-01-24T16:37:18+00:00","dateModified":"2024-06-14T10:39:22+00:00","breadcrumb":{"@id":"https:\/\/www.kidz-audio.de\/fr\/remarques-sur-lelimination-des-piles\/#breadcrumb"},"inLanguage":"fr-FR","potentialAction":[{"@type":"ReadAction","target":["https:\/\/www.kidz-audio.de\/fr\/remarques-sur-lelimination-des-piles\/"]}]},{"@type":"BreadcrumbList","@id":"https:\/\/www.kidz-audio.de\/fr\/remarques-sur-lelimination-des-piles\/#breadcrumb","itemListElement":[{"@type":"ListItem","position":1,"name":"Home","item":"https:\/\/www.kidz-audio.de\/fr\/home\/"},{"@type":"ListItem","position":2,"name":"Remarques sur l&#8217;\u00e9limination des piles"}]},{"@type":"WebSite","@id":"https:\/\/www.kidz-audio.de\/fr\/#website","url":"https:\/\/www.kidz-audio.de\/fr\/","name":"Kidz-Audio","description":"Kidz-Audio","publisher":{"@id":"https:\/\/www.kidz-audio.de\/fr\/#organization"},"potentialAction":[{"@type":"SearchAction","target":{"@type":"EntryPoint","urlTemplate":"https:\/\/www.kidz-audio.de\/fr\/?s={search_term_string}"},"query-input":{"@type":"PropertyValueSpecification","valueRequired":true,"valueName":"search_term_string"}}],"inLanguage":"fr-FR"},{"@type":"Organization","@id":"https:\/\/www.kidz-audio.de\/fr\/#organization","name":"Kidz-Audio","url":"https:\/\/www.kidz-audio.de\/fr\/","logo":{"@type":"ImageObject","inLanguage":"fr-FR","@id":"https:\/\/www.kidz-audio.de\/fr\/#\/schema\/logo\/image\/","url":"https:\/\/fr.hoerbert.com\/wp-content\/uploads\/sites\/11\/2024\/01\/kidzaudio.png","contentUrl":"https:\/\/fr.hoerbert.com\/wp-content\/uploads\/sites\/11\/2024\/01\/kidzaudio.png","width":269,"height":42,"caption":"Kidz-Audio"},"image":{"@id":"https:\/\/www.kidz-audio.de\/fr\/#\/schema\/logo\/image\/"}}]}},"_links":{"self":[{"href":"https:\/\/www.kidz-audio.de\/fr\/wp-json\/wp\/v2\/pages\/878","targetHints":{"allow":["GET"]}}],"collection":[{"href":"https:\/\/www.kidz-audio.de\/fr\/wp-json\/wp\/v2\/pages"}],"about":[{"href":"https:\/\/www.kidz-audio.de\/fr\/wp-json\/wp\/v2\/types\/page"}],"author":[{"embeddable":true,"href":"https:\/\/www.kidz-audio.de\/fr\/wp-json\/wp\/v2\/users\/299"}],"replies":[{"embeddable":true,"href":"https:\/\/www.kidz-audio.de\/fr\/wp-json\/wp\/v2\/comments?post=878"}],"version-history":[{"count":1,"href":"https:\/\/www.kidz-audio.de\/fr\/wp-json\/wp\/v2\/pages\/878\/revisions"}],"predecessor-version":[{"id":879,"href":"https:\/\/www.kidz-audio.de\/fr\/wp-json\/wp\/v2\/pages\/878\/revisions\/879"}],"wp:attachment":[{"href":"https:\/\/www.kidz-audio.de\/fr\/wp-json\/wp\/v2\/media?parent=878"}],"curies":[{"name":"wp","href":"https:\/\/api.w.org\/{rel}","templated":true}]}}