{"id":868,"date":"2024-01-24T17:29:35","date_gmt":"2024-01-24T16:29:35","guid":{"rendered":"https:\/\/www.kidz-audio.de\/mentions-legales\/"},"modified":"2024-06-14T12:33:51","modified_gmt":"2024-06-14T10:33:51","slug":"mentions-legales","status":"publish","type":"page","link":"https:\/\/www.kidz-audio.de\/fr\/mentions-legales\/","title":{"rendered":"Mentions l\u00e9gales"},"content":{"rendered":"\t\t<div data-elementor-type=\"wp-page\" data-elementor-id=\"868\" class=\"elementor elementor-868 elementor-274\" data-elementor-post-type=\"page\">\n\t\t\t\t\t\t<section class=\"elementor-section elementor-top-section elementor-element elementor-element-87c47da elementor-section-boxed elementor-section-height-default elementor-section-height-default\" data-id=\"87c47da\" data-element_type=\"section\" data-e-type=\"section\">\n\t\t\t\t\t\t<div class=\"elementor-container elementor-column-gap-default\">\n\t\t\t\t\t<div class=\"elementor-column elementor-col-100 elementor-top-column elementor-element elementor-element-def23d9\" data-id=\"def23d9\" data-element_type=\"column\" data-e-type=\"column\">\n\t\t\t<div class=\"elementor-widget-wrap elementor-element-populated\">\n\t\t\t\t\t\t<div class=\"elementor-element elementor-element-d83e930 elementor-widget elementor-widget-spacer\" data-id=\"d83e930\" data-element_type=\"widget\" data-e-type=\"widget\" data-widget_type=\"spacer.default\">\n\t\t\t\t<div class=\"elementor-widget-container\">\n\t\t\t\t\t\t\t<div class=\"elementor-spacer\">\n\t\t\t<div class=\"elementor-spacer-inner\"><\/div>\n\t\t<\/div>\n\t\t\t\t\t\t<\/div>\n\t\t\t\t<\/div>\n\t\t\t\t<div class=\"elementor-element elementor-element-40bdc38 elementor-widget elementor-widget-spacer\" data-id=\"40bdc38\" data-element_type=\"widget\" data-e-type=\"widget\" data-widget_type=\"spacer.default\">\n\t\t\t\t<div class=\"elementor-widget-container\">\n\t\t\t\t\t\t\t<div class=\"elementor-spacer\">\n\t\t\t<div class=\"elementor-spacer-inner\"><\/div>\n\t\t<\/div>\n\t\t\t\t\t\t<\/div>\n\t\t\t\t<\/div>\n\t\t\t\t\t<\/div>\n\t\t<\/div>\n\t\t\t\t\t<\/div>\n\t\t<\/section>\n\t\t\t\t<section class=\"elementor-section elementor-top-section elementor-element elementor-element-2faf933 elementor-section-boxed elementor-section-height-default elementor-section-height-default\" data-id=\"2faf933\" data-element_type=\"section\" data-e-type=\"section\">\n\t\t\t\t\t\t<div class=\"elementor-container elementor-column-gap-default\">\n\t\t\t\t\t<div class=\"elementor-column elementor-col-100 elementor-top-column elementor-element elementor-element-e8cda06\" data-id=\"e8cda06\" data-element_type=\"column\" data-e-type=\"column\">\n\t\t\t<div class=\"elementor-widget-wrap elementor-element-populated\">\n\t\t\t\t\t\t<div class=\"elementor-element elementor-element-f811067 elementor-widget elementor-widget-heading\" data-id=\"f811067\" data-element_type=\"widget\" data-e-type=\"widget\" data-widget_type=\"heading.default\">\n\t\t\t\t<div class=\"elementor-widget-container\">\n\t\t\t\t\t<h2 class=\"elementor-heading-title elementor-size-default\">HMC Hightech Media Components GmbH &amp; Co. KG<\/h2>\t\t\t\t<\/div>\n\t\t\t\t<\/div>\n\t\t\t\t<div class=\"elementor-element elementor-element-a215ad6 elementor-widget elementor-widget-text-editor\" data-id=\"a215ad6\" data-element_type=\"widget\" data-e-type=\"widget\" data-widget_type=\"text-editor.default\">\n\t\t\t\t<div class=\"elementor-widget-container\">\n\t\t\t\t\t\t\t\t\t<p>Knochenhauerstr. 11<br \/>28195 Bremen<br \/>Allemagne<\/p>\n<p>E-mail: service@kidz-audio.de<br \/>USt-IdNr.: DE259948358<br \/>WEEE-Reg.-Nr.: DE15587927<br \/>inscrite au registre du commerce du tribunal d&rsquo;instance de Br\u00eame<br \/>Num\u00e9ro de registre du commerce HRA 25114 HB<\/p>\n<p>Repr\u00e9sent\u00e9e par l&rsquo;associ\u00e9 personnellement responsable<br \/><b>HMC Hightech Media Components Beteiligungs-GmbH<\/b><br \/>cette repr\u00e9sent. d. les directeurs Peter Hirschfeld, Christian Hoth<br \/>Knochenhauerstr. 11, 28195 Bremen, Allemagne<br \/>inscrite au registre du commerce du tribunal d&rsquo;instance de Br\u00eame<br \/>Num\u00e9ro de registre du commerce HRB 24912 HB<\/p>\n<p><b>Responsable du contenu conform\u00e9ment au \u00a7 18 Abs. 2 MStV :<\/b><br \/>Monsieur Fabian Butlewski<br \/>Knochenhauerstr. 11,<br \/>28195 Bremen<br \/>Allemagne<\/p>\n\t\t\t\t\t\t\t\t<\/div>\n\t\t\t\t<\/div>\n\t\t\t\t<div class=\"elementor-element elementor-element-6642ea7 elementor-widget elementor-widget-text-editor\" data-id=\"6642ea7\" data-element_type=\"widget\" data-e-type=\"widget\" data-widget_type=\"text-editor.default\">\n\t\t\t\t<div class=\"elementor-widget-container\">\n\t\t\t\t\t\t\t\t\t<p><strong>R\u00e8glement alternatif des litiges :<\/strong><br \/>La Commission europ\u00e9enne met \u00e0 disposition une plateforme de r\u00e8glement extrajudiciaire des litiges en ligne (plateforme RLL), accessible \u00e0 l&rsquo;adresse suivante : <strong><a href=\"https:\/\/ec.europa.eu\/consumers\/odr\" target=\"_blank\" rel=\"noopener\">https:\/\/ec.europa.eu\/odr<\/a><\/strong>.<\/p>\n\t\t\t\t\t\t\t\t<\/div>\n\t\t\t\t<\/div>\n\t\t\t\t\t<\/div>\n\t\t<\/div>\n\t\t\t\t\t<\/div>\n\t\t<\/section>\n\t\t\t\t<section class=\"elementor-section elementor-top-section elementor-element elementor-element-37476de elementor-section-boxed elementor-section-height-default elementor-section-height-default\" data-id=\"37476de\" data-element_type=\"section\" data-e-type=\"section\">\n\t\t\t\t\t\t<div class=\"elementor-container elementor-column-gap-default\">\n\t\t\t\t\t<div class=\"elementor-column elementor-col-100 elementor-top-column elementor-element elementor-element-7c725fd\" data-id=\"7c725fd\" data-element_type=\"column\" data-e-type=\"column\">\n\t\t\t<div class=\"elementor-widget-wrap elementor-element-populated\">\n\t\t\t\t\t\t<div class=\"elementor-element elementor-element-d1d56d3 elementor-widget elementor-widget-spacer\" data-id=\"d1d56d3\" data-element_type=\"widget\" data-e-type=\"widget\" data-widget_type=\"spacer.default\">\n\t\t\t\t<div class=\"elementor-widget-container\">\n\t\t\t\t\t\t\t<div class=\"elementor-spacer\">\n\t\t\t<div class=\"elementor-spacer-inner\"><\/div>\n\t\t<\/div>\n\t\t\t\t\t\t<\/div>\n\t\t\t\t<\/div>\n\t\t\t\t\t<\/div>\n\t\t<\/div>\n\t\t\t\t\t<\/div>\n\t\t<\/section>\n\t\t\t\t<\/div>\n\t\t","protected":false},"excerpt":{"rendered":"<p>HMC Hightech Media Components GmbH &amp; Co. KG Knochenhauerstr. 1128195 BremenAllemagne E-mail: service@kidz-audio.deUSt-IdNr.: DE259948358WEEE-Reg.-Nr.: DE15587927inscrite au registre du commerce du tribunal d&rsquo;instance de Br\u00eameNum\u00e9ro de registre du commerce HRA 25114 HB Repr\u00e9sent\u00e9e par l&rsquo;associ\u00e9 personnellement responsableHMC Hightech Media Components Beteiligungs-GmbHcette repr\u00e9sent. d. les directeurs Peter Hirschfeld, Christian HothKnochenhauerstr. 11, 28195 Bremen, Allemagneinscrite au registre du [&hellip;]<\/p>\n","protected":false},"author":299,"featured_media":0,"parent":0,"menu_order":0,"comment_status":"closed","ping_status":"closed","template":"elementor_header_footer","meta":{"_acf_changed":false,"footnotes":""},"class_list":["post-868","page","type-page","status-publish","hentry"],"acf":[],"yoast_head":"<!-- This site is optimized with the Yoast SEO Premium plugin v27.5 (Yoast SEO v27.5) - https:\/\/yoast.com\/product\/yoast-seo-premium-wordpress\/ -->\n<title>Mentions l\u00e9gales - Kidz-Audio<\/title>\n<meta name=\"robots\" content=\"index, follow, max-snippet:-1, max-image-preview:large, max-video-preview:-1\" \/>\n<link rel=\"canonical\" href=\"https:\/\/www.kidz-audio.de\/fr\/mentions-legales\/\" \/>\n<meta property=\"og:locale\" content=\"fr_FR\" \/>\n<meta property=\"og:type\" content=\"article\" \/>\n<meta property=\"og:title\" content=\"Mentions l\u00e9gales\" \/>\n<meta property=\"og:description\" content=\"HMC Hightech Media Components GmbH &amp; Co. KG Knochenhauerstr. 1128195 BremenAllemagne E-mail: service@kidz-audio.deUSt-IdNr.: DE259948358WEEE-Reg.-Nr.: DE15587927inscrite au registre du commerce du tribunal d&rsquo;instance de Br\u00eameNum\u00e9ro de registre du commerce HRA 25114 HB Repr\u00e9sent\u00e9e par l&rsquo;associ\u00e9 personnellement responsableHMC Hightech Media Components Beteiligungs-GmbHcette repr\u00e9sent. d. les directeurs Peter Hirschfeld, Christian HothKnochenhauerstr. 11, 28195 Bremen, Allemagneinscrite au registre du [&hellip;]\" \/>\n<meta property=\"og:url\" content=\"https:\/\/www.kidz-audio.de\/fr\/mentions-legales\/\" \/>\n<meta property=\"og:site_name\" content=\"Kidz-Audio\" \/>\n<meta property=\"article:modified_time\" content=\"2024-06-14T10:33:51+00:00\" \/>\n<meta name=\"twitter:card\" content=\"summary_large_image\" \/>\n<meta name=\"twitter:label1\" content=\"Dur\u00e9e de lecture estim\u00e9e\" \/>\n\t<meta name=\"twitter:data1\" content=\"1 minute\" \/>\n<script type=\"application\/ld+json\" class=\"yoast-schema-graph\">{\"@context\":\"https:\\\/\\\/schema.org\",\"@graph\":[{\"@type\":\"WebPage\",\"@id\":\"https:\\\/\\\/www.kidz-audio.de\\\/fr\\\/mentions-legales\\\/\",\"url\":\"https:\\\/\\\/www.kidz-audio.de\\\/fr\\\/mentions-legales\\\/\",\"name\":\"Mentions l\u00e9gales - Kidz-Audio\",\"isPartOf\":{\"@id\":\"https:\\\/\\\/www.kidz-audio.de\\\/fr\\\/#website\"},\"datePublished\":\"2024-01-24T16:29:35+00:00\",\"dateModified\":\"2024-06-14T10:33:51+00:00\",\"breadcrumb\":{\"@id\":\"https:\\\/\\\/www.kidz-audio.de\\\/fr\\\/mentions-legales\\\/#breadcrumb\"},\"inLanguage\":\"fr-FR\",\"potentialAction\":[{\"@type\":\"ReadAction\",\"target\":[\"https:\\\/\\\/www.kidz-audio.de\\\/fr\\\/mentions-legales\\\/\"]}]},{\"@type\":\"BreadcrumbList\",\"@id\":\"https:\\\/\\\/www.kidz-audio.de\\\/fr\\\/mentions-legales\\\/#breadcrumb\",\"itemListElement\":[{\"@type\":\"ListItem\",\"position\":1,\"name\":\"Home\",\"item\":\"https:\\\/\\\/www.kidz-audio.de\\\/fr\\\/home\\\/\"},{\"@type\":\"ListItem\",\"position\":2,\"name\":\"Mentions l\u00e9gales\"}]},{\"@type\":\"WebSite\",\"@id\":\"https:\\\/\\\/www.kidz-audio.de\\\/fr\\\/#website\",\"url\":\"https:\\\/\\\/www.kidz-audio.de\\\/fr\\\/\",\"name\":\"Kidz-Audio\",\"description\":\"Kidz-Audio\",\"publisher\":{\"@id\":\"https:\\\/\\\/www.kidz-audio.de\\\/fr\\\/#organization\"},\"potentialAction\":[{\"@type\":\"SearchAction\",\"target\":{\"@type\":\"EntryPoint\",\"urlTemplate\":\"https:\\\/\\\/www.kidz-audio.de\\\/fr\\\/?s={search_term_string}\"},\"query-input\":{\"@type\":\"PropertyValueSpecification\",\"valueRequired\":true,\"valueName\":\"search_term_string\"}}],\"inLanguage\":\"fr-FR\"},{\"@type\":\"Organization\",\"@id\":\"https:\\\/\\\/www.kidz-audio.de\\\/fr\\\/#organization\",\"name\":\"Kidz-Audio\",\"url\":\"https:\\\/\\\/www.kidz-audio.de\\\/fr\\\/\",\"logo\":{\"@type\":\"ImageObject\",\"inLanguage\":\"fr-FR\",\"@id\":\"https:\\\/\\\/www.kidz-audio.de\\\/fr\\\/#\\\/schema\\\/logo\\\/image\\\/\",\"url\":\"https:\\\/\\\/fr.hoerbert.com\\\/wp-content\\\/uploads\\\/sites\\\/11\\\/2024\\\/01\\\/kidzaudio.png\",\"contentUrl\":\"https:\\\/\\\/fr.hoerbert.com\\\/wp-content\\\/uploads\\\/sites\\\/11\\\/2024\\\/01\\\/kidzaudio.png\",\"width\":269,\"height\":42,\"caption\":\"Kidz-Audio\"},\"image\":{\"@id\":\"https:\\\/\\\/www.kidz-audio.de\\\/fr\\\/#\\\/schema\\\/logo\\\/image\\\/\"}}]}<\/script>\n<!-- \/ Yoast SEO Premium plugin. -->","yoast_head_json":{"title":"Mentions l\u00e9gales - Kidz-Audio","robots":{"index":"index","follow":"follow","max-snippet":"max-snippet:-1","max-image-preview":"max-image-preview:large","max-video-preview":"max-video-preview:-1"},"canonical":"https:\/\/www.kidz-audio.de\/fr\/mentions-legales\/","og_locale":"fr_FR","og_type":"article","og_title":"Mentions l\u00e9gales","og_description":"HMC Hightech Media Components GmbH &amp; Co. KG Knochenhauerstr. 1128195 BremenAllemagne E-mail: service@kidz-audio.deUSt-IdNr.: DE259948358WEEE-Reg.-Nr.: DE15587927inscrite au registre du commerce du tribunal d&rsquo;instance de Br\u00eameNum\u00e9ro de registre du commerce HRA 25114 HB Repr\u00e9sent\u00e9e par l&rsquo;associ\u00e9 personnellement responsableHMC Hightech Media Components Beteiligungs-GmbHcette repr\u00e9sent. d. les directeurs Peter Hirschfeld, Christian HothKnochenhauerstr. 11, 28195 Bremen, Allemagneinscrite au registre du [&hellip;]","og_url":"https:\/\/www.kidz-audio.de\/fr\/mentions-legales\/","og_site_name":"Kidz-Audio","article_modified_time":"2024-06-14T10:33:51+00:00","twitter_card":"summary_large_image","twitter_misc":{"Dur\u00e9e de lecture estim\u00e9e":"1 minute"},"schema":{"@context":"https:\/\/schema.org","@graph":[{"@type":"WebPage","@id":"https:\/\/www.kidz-audio.de\/fr\/mentions-legales\/","url":"https:\/\/www.kidz-audio.de\/fr\/mentions-legales\/","name":"Mentions l\u00e9gales - Kidz-Audio","isPartOf":{"@id":"https:\/\/www.kidz-audio.de\/fr\/#website"},"datePublished":"2024-01-24T16:29:35+00:00","dateModified":"2024-06-14T10:33:51+00:00","breadcrumb":{"@id":"https:\/\/www.kidz-audio.de\/fr\/mentions-legales\/#breadcrumb"},"inLanguage":"fr-FR","potentialAction":[{"@type":"ReadAction","target":["https:\/\/www.kidz-audio.de\/fr\/mentions-legales\/"]}]},{"@type":"BreadcrumbList","@id":"https:\/\/www.kidz-audio.de\/fr\/mentions-legales\/#breadcrumb","itemListElement":[{"@type":"ListItem","position":1,"name":"Home","item":"https:\/\/www.kidz-audio.de\/fr\/home\/"},{"@type":"ListItem","position":2,"name":"Mentions l\u00e9gales"}]},{"@type":"WebSite","@id":"https:\/\/www.kidz-audio.de\/fr\/#website","url":"https:\/\/www.kidz-audio.de\/fr\/","name":"Kidz-Audio","description":"Kidz-Audio","publisher":{"@id":"https:\/\/www.kidz-audio.de\/fr\/#organization"},"potentialAction":[{"@type":"SearchAction","target":{"@type":"EntryPoint","urlTemplate":"https:\/\/www.kidz-audio.de\/fr\/?s={search_term_string}"},"query-input":{"@type":"PropertyValueSpecification","valueRequired":true,"valueName":"search_term_string"}}],"inLanguage":"fr-FR"},{"@type":"Organization","@id":"https:\/\/www.kidz-audio.de\/fr\/#organization","name":"Kidz-Audio","url":"https:\/\/www.kidz-audio.de\/fr\/","logo":{"@type":"ImageObject","inLanguage":"fr-FR","@id":"https:\/\/www.kidz-audio.de\/fr\/#\/schema\/logo\/image\/","url":"https:\/\/fr.hoerbert.com\/wp-content\/uploads\/sites\/11\/2024\/01\/kidzaudio.png","contentUrl":"https:\/\/fr.hoerbert.com\/wp-content\/uploads\/sites\/11\/2024\/01\/kidzaudio.png","width":269,"height":42,"caption":"Kidz-Audio"},"image":{"@id":"https:\/\/www.kidz-audio.de\/fr\/#\/schema\/logo\/image\/"}}]}},"_links":{"self":[{"href":"https:\/\/www.kidz-audio.de\/fr\/wp-json\/wp\/v2\/pages\/868","targetHints":{"allow":["GET"]}}],"collection":[{"href":"https:\/\/www.kidz-audio.de\/fr\/wp-json\/wp\/v2\/pages"}],"about":[{"href":"https:\/\/www.kidz-audio.de\/fr\/wp-json\/wp\/v2\/types\/page"}],"author":[{"embeddable":true,"href":"https:\/\/www.kidz-audio.de\/fr\/wp-json\/wp\/v2\/users\/299"}],"replies":[{"embeddable":true,"href":"https:\/\/www.kidz-audio.de\/fr\/wp-json\/wp\/v2\/comments?post=868"}],"version-history":[{"count":1,"href":"https:\/\/www.kidz-audio.de\/fr\/wp-json\/wp\/v2\/pages\/868\/revisions"}],"predecessor-version":[{"id":869,"href":"https:\/\/www.kidz-audio.de\/fr\/wp-json\/wp\/v2\/pages\/868\/revisions\/869"}],"wp:attachment":[{"href":"https:\/\/www.kidz-audio.de\/fr\/wp-json\/wp\/v2\/media?parent=868"}],"curies":[{"name":"wp","href":"https:\/\/api.w.org\/{rel}","templated":true}]}}